{"id":13054,"date":"2025-06-10T14:16:06","date_gmt":"2025-06-10T14:16:06","guid":{"rendered":"https:\/\/proworks.lu\/mentions-legales\/"},"modified":"2025-07-08T11:01:01","modified_gmt":"2025-07-08T11:01:01","slug":"mentions-legales","status":"publish","type":"page","link":"https:\/\/proworks.lu\/en\/mentions-legales\/","title":{"rendered":"Mentions l\u00e9gales"},"content":{"rendered":"\t\t<div data-elementor-type=\"wp-page\" data-elementor-id=\"13054\" class=\"elementor elementor-13054 elementor-11662\" data-elementor-post-type=\"page\">\n\t\t\t\t\t\t<section class=\"elementor-section elementor-top-section elementor-element elementor-element-3185ed4 elementor-section-full_width qodef-elementor-content-grid page-header elementor-section-height-default elementor-section-height-default elementor-invisible\" data-id=\"3185ed4\" data-element_type=\"section\" data-settings=\"{&quot;animation&quot;:&quot;fadeIn&quot;}\">\n\t\t\t\t\t\t<div class=\"elementor-container elementor-column-gap-default\">\n\t\t\t\t\t<div class=\"elementor-column elementor-col-100 elementor-top-column elementor-element elementor-element-a080f01\" data-id=\"a080f01\" data-element_type=\"column\">\n\t\t\t<div class=\"elementor-widget-wrap elementor-element-populated\">\n\t\t\t\t\t\t<div class=\"elementor-element elementor-element-e21304e elementor-widget elementor-widget-tadao_core_custom_font\" data-id=\"e21304e\" data-element_type=\"widget\" data-widget_type=\"tadao_core_custom_font.default\">\n\t\t\t\t<div class=\"elementor-widget-container\">\n\t\t\t\t\t<h1 class=\"qodef-shortcode qodef-m  qodef-custom-font qodef-custom-font-725 qodef-layout--simple\" style=\"font-size: 60px;line-height: 60px\">Mentions l\u00e9gales<\/h1>\n\t\t\t\t<\/div>\n\t\t\t\t<\/div>\n\t\t\t\t\t<\/div>\n\t\t<\/div>\n\t\t\t\t\t<\/div>\n\t\t<\/section>\n\t\t\t\t<section class=\"elementor-section elementor-top-section elementor-element elementor-element-dce64ac elementor-section-full_width elementor-section-height-default elementor-section-height-default elementor-invisible\" data-id=\"dce64ac\" data-element_type=\"section\" data-settings=\"{&quot;animation&quot;:&quot;fadeIn&quot;}\">\n\t\t\t\t\t\t<div class=\"elementor-container elementor-column-gap-default\">\n\t\t\t\t\t<div class=\"elementor-column elementor-col-100 elementor-top-column elementor-element elementor-element-5362247\" data-id=\"5362247\" data-element_type=\"column\">\n\t\t\t<div class=\"elementor-widget-wrap elementor-element-populated\">\n\t\t\t\t\t\t<div class=\"elementor-element elementor-element-716113a elementor-widget__width-inherit elementor-widget elementor-widget-text-editor\" data-id=\"716113a\" data-element_type=\"widget\" data-widget_type=\"text-editor.default\">\n\t\t\t\t<div class=\"elementor-widget-container\">\n\t\t\t\t\t\t\t\t\t<h2>PR\u00c9SENTATION DU SITE<\/h2><h3>\u00a0<\/h3><h3>Entit\u00e9 responsable<\/h3><p>Le site web\u00a0<a href=\"https:\/\/www.proworks.lu\">www.proworks.lu<\/a>\u00a0est r\u00e9alis\u00e9 par la soci\u00e9t\u00e9 INSIDE COMMUNICATION \u2013 Les Sudistes S\u00e0rl (ci-apr\u00e8s \u00ab INSIDE COMMUNICATION \u00bb, dont le si\u00e8ge administratif est \u00e9tabli au 43-45, Zone OP Zaemer, L-4959 Bascharage (G.D. Luxembourg) et immatricul\u00e9e au registre de commerce et des soci\u00e9t\u00e9s de Luxembourg sous le num\u00e9ro B133630 (TVA : LU22170304).<\/p><p>INSIDE COMMUNICATION en est le gestionnaire technique, sans \u00eatre responsable des informations qui y figurent. Cette responsabilit\u00e9 appartient au propri\u00e9taire, la soci\u00e9t\u00e9 Proworks Consulting S.a R.l. (ci-apr\u00e8s Proworks Consulting S.a R.l.), dont le si\u00e8ge social est \u00e9tabli \u00e0 l\u2019adresse : 12C, Rue Michel Rodange L-4847 Rodange Luxembourg et immatricul\u00e9e au registre de commerce et des soci\u00e9t\u00e9s luxembourgeois sous le num\u00e9ro N\u00b0 B196633 (TVA : LU27778213).<\/p><h3>Gestion et h\u00e9bergement<\/h3><p>Design, cr\u00e9ation et webmaster : INSIDE COMMUNICATION<\/p><p>H\u00e9bergement : Le site est h\u00e9berg\u00e9 par la soci\u00e9t\u00e9 OVH SAS, dont le si\u00e8ge social est \u00e9tabli au 2 Rue Kellermann, 59100 Roubaix (France) et immatricul\u00e9e au registre de commerce et des soci\u00e9t\u00e9s de France avec le num\u00e9ro RCS Lille M\u00e9tropole 424 761 419 00045 (TVA : FR22424761419).<\/p><h2>\u00a0<\/h2><h2>\u00a0<\/h2><h2>UTILISATION DES INFORMATIONS &#8211; DROITS INTELLECTUELS<\/h2><p>Photos et textes : les photos sont fournies par Proworks Consulting S.a R.l., achet\u00e9es sur Shutterstock ou consistent en des photos libres de droit. Les textes sont fournis par Proworks Consulting S.a R.l..<\/p><p>Proworks Consulting S.a R.l. d\u00e9tient les droits d\u2019usage et\/ou est propri\u00e9taire des droits de propri\u00e9t\u00e9 intellectuelle sur tous les \u00e9l\u00e9ments accessibles sur le site, notamment les textes et images en sa possession et qu&#8217;il a mis \u00e0 disposition d&#8217;Inside Communication dans le cadre du d\u00e9veloppement du site.<\/p><p>INSIDE COMMUNICATION d\u00e9tient les droits d\u2019usage et\/ou est propri\u00e9taire des droits de propri\u00e9t\u00e9 intellectuelle sur tous les \u00e9l\u00e9ments accessibles sur le site, notamment les textes et images en sa possession et qu&#8217;il a mis \u00e0 disposition de Proworks Consulting S.a R.l. dans le cadre du d\u00e9veloppement du site.<\/p><p>Toute reproduction, repr\u00e9sentation ou diffusion, en tout ou partie, du contenu de ce site sur quelque support ou par tout proc\u00e9d\u00e9 que ce soit, constitue une contrefa\u00e7on et est interdite sans l\u2019autorisation expresse de Proworks Consulting S.a R.l..<\/p><p>Marques : les d\u00e9nominations sociales, marques et signes distinctifs reproduits sur le site sont prot\u00e9g\u00e9s au titre du droit des marques. La reproduction ou la repr\u00e9sentation de tout ou partie d\u2019un des signes pr\u00e9cit\u00e9s est strictement interdite et doit faire l\u2019objet d\u2019une autorisation \u00e9crite pr\u00e9alable du titulaire de la marque.<\/p><p>Toutes les marques ou d\u00e9nominations commerciales figurant sur le site web qui n\u2019appartiennent pas \u00e0 Proworks Consulting S.a R.l. ou INSIDE COMMUNICATION sont couvertes par un droit d\u2019utilisation.<\/p><p>Toute reproduction, repr\u00e9sentation, utilisation, adaptation ou modification d\u2019une quelconque marque susmentionn\u00e9e et des d\u00e9nominations commerciales sans l\u2019autorisation pr\u00e9alable de Proworks Consulting S.a R.l. est strictement interdite et constituerait une infraction de contrefa\u00e7on de marque.<\/p><h2>\u00a0<\/h2><h2>CONDITIONS G\u00c9N\u00c9RALES D&#8217;UTILISATION DU SITE ET RESPONSABILIT\u00c9S<\/h2><p>L\u2019utilisateur du site\u00a0<a href=\"https:\/\/www.proworks.lu\">www.proworks.lu<\/a>\u00a0accepte inconditionnellement que tout acc\u00e8s au site ou toute utilisation s\u2019effectue sous sa propre responsabilit\u00e9 et conform\u00e9ment aux pr\u00e9sentes conditions d\u2019utilisation. Ces derni\u00e8res \u00e9tant susceptibles d\u2019\u00eatre modifi\u00e9es ou compl\u00e9t\u00e9es \u00e0 tout moment, l\u2019utilisateur est donc invit\u00e9 \u00e0 les consulter de mani\u00e8re r\u00e9guli\u00e8re.<\/p><p>INSIDE COMMUNICATION ne r\u00e9pond pas des dommages directs ou indirects qui peuvent \u00eatre caus\u00e9s par l\u2019utilisation du site notamment en relation avec l\u2019interruption, l\u2019arr\u00eat ou le dysfonctionnement du site qui pourraient r\u00e9sulter notamment de l\u2019arr\u00eat pour la maintenance ou la remise en \u00e9tat du syst\u00e8me informatique, des pannes techniques ou de surcharge du r\u00e9seau, de n\u00e9gligences ou de fautes de fournisseurs, de services internet ou d\u2019un tiers ainsi que d\u2019un virus en provenance d\u2019Internet.<\/p><p>Le site internet\u00a0<a href=\"https:\/\/www.proworks.lu\">www.proworks.lu<\/a>\u00a0est mis \u00e0 jour r\u00e9guli\u00e8rement par INSIDE COMMUNICATION sur base des informations de Proworks Consulting S.a R.l..<\/p><p>Limitations contractuelles sur les donn\u00e9es techniques : INSIDE COMMUNICATION et Proworks Consulting S.a R.l. ne pourront \u00eatre tenus responsables de dommages mat\u00e9riels li\u00e9s \u00e0 l\u2019utilisation du site. De plus, l\u2019utilisateur du site s\u2019engage \u00e0 acc\u00e9der au site en utilisant un mat\u00e9riel r\u00e9cent, ne contenant pas de virus et avec un navigateur de derni\u00e8re g\u00e9n\u00e9ration mis \u00e0 jour.<\/p><p>Liens hypertextes vers d&#8217;autres sites web : le site Web\u00a0<a href=\"https:\/\/www.proworks.lu\">www.proworks.lu<\/a>\u00a0peut contenir des liens vers d\u2019autres sites. Nous nous effor\u00e7ons \u00e0 cet \u00e9gard d\u2019\u00e9tablir des liens uniquement vers des sites qui partagent notre niveau d\u2019exigence en mati\u00e8re de respect de la confidentialit\u00e9. Toutefois, nous ne sommes pas responsables du contenu des autres sites, ni de leurs pratiques en mati\u00e8re d\u2019informations personnelles.<\/p><p>Liens hypertextes d\u2019autres sites web pointant vers\u00a0<a href=\"https:\/\/www.proworks.lu\">www.proworks.lu<\/a>\u00a0: INSIDE COMMUNICATION et Proworks Consulting S.a R.l. ne sont en aucun cas responsables des liens hypertextes qui seraient cr\u00e9\u00e9s \u00e0 partir de sites web de tiers. Tout lien hypertexte effectu\u00e9 vers le site\u00a0<a href=\"https:\/\/www.proworks.lu\">www.proworks.lu<\/a>\u00a0ou www.inside-communication.lu doit faire l\u2019objet d\u2019une autorisation d\u00fbment obtenue au pr\u00e9alable de fa\u00e7on \u00e9crite et expresse aupr\u00e8s de respectivement Proworks Consulting S.a R.l. ou INSIDE COMMUNICATION.<\/p><p>Limitation des responsabilit\u00e9s : un formulaire de contact est mis \u00e0 la disposition des utilisateurs. Le cas \u00e9ch\u00e9ant, Proworks Consulting S.a R.l. se r\u00e9serve la possibilit\u00e9 de mettre en cause la responsabilit\u00e9 civile et\/ou p\u00e9nale de l\u2019utilisateur, notamment en cas de messages \u00e0 caract\u00e8res raciste, injurieux, diffamant ou pornographique, quel que soit le support utilis\u00e9 (texte, photographie,\u2026).<\/p><h2>\u00a0<\/h2><h2>DESCRIPTION DES SERVICES FOURNIS<\/h2><p>Le site\u00a0<a href=\"https:\/\/www.proworks.lu\">www.proworks.lu<\/a>\u00a0a pour objet de fournir une information concernant l\u2019ensemble des activit\u00e9s de la soci\u00e9t\u00e9 Proworks Consulting S.a R.l..<\/p><p>INSIDE COMMUNICATION s\u2019efforce de fournir sur le site\u00a0<a href=\"https:\/\/www.proworks.lu\">www.proworks.lu<\/a>\u00a0des informations aussi pr\u00e9cises que possible. Toutefois, il ne pourra \u00eatre tenu responsable des omissions, des inexactitudes et des carences dans la mise \u00e0 jour, qu\u2019elles soient de son fait ou du fait des tiers partenaires qui lui fournissent ces informations.<\/p><p>Toutes les informations indiqu\u00e9es sur le site\u00a0<a href=\"https:\/\/www.proworks.lu\">www.proworks.lu<\/a>\u00a0sont donn\u00e9es \u00e0 titre indicatif, et sont susceptibles d\u2019\u00e9voluer. Par ailleurs, les renseignements figurant sur le site\u00a0<a href=\"https:\/\/www.proworks.lu\">www.proworks.lu<\/a>\u00a0ne sont pas exhaustifs. Ils sont donn\u00e9s sous r\u00e9serve de modifications ayant \u00e9t\u00e9 apport\u00e9es depuis leur mise en ligne.<\/p><h2>\u00a0<\/h2><h2>PROTECTION DES DONN\u00c9ES PERSONNELLES<\/h2><p>Utilisation de cookies : la navigation sur le site\u00a0<a href=\"https:\/\/www.proworks.lu\">www.proworks.lu<\/a>\u00a0est susceptible de provoquer l\u2019installation de cookie(s) sur l\u2019ordinateur de l\u2019utilisateur. Un cookie est un fichier de petite taille, qui ne permet pas l\u2019identification de l\u2019utilisateur, mais qui enregistre des informations relatives \u00e0 la navigation d\u2019un ordinateur sur un site. Les donn\u00e9es ainsi obtenues visent \u00e0 faciliter la navigation ult\u00e9rieure sur le site, et ont \u00e9galement vocation \u00e0 permettre diverses mesures de fr\u00e9quentation.<\/p><p>Le refus d\u2019installation d\u2019un cookie peut entra\u00eener l\u2019impossibilit\u00e9 d\u2019acc\u00e9der \u00e0 certains services. L\u2019utilisateur peut toutefois refuser l\u2019installation de certains cookies via le module propos\u00e9 lors de sa premi\u00e8re visite. Son choix d\u2019acceptation ou de refus desdits cookies sera enregistr\u00e9 pour une dur\u00e9e d\u2019un an.<\/p><h3>Collecte et gestion des donn\u00e9es personnelles :<\/h3><p>Proworks Consulting S.a R.l. s\u2019engage \u00e0 ce que les donn\u00e9es personnelles concernant les utilisateurs du site\u00a0<a href=\"https:\/\/www.proworks.lu\">www.proworks.lu<\/a>\u00a0transmises via les formulaires de contact du site ou par tout autre moyen soient collect\u00e9es dans le cadre du traitement des demandes et de la relation commerciale pouvant en d\u00e9couler et soient utilis\u00e9es dans le respect de la r\u00e9glementation europ\u00e9enne en vigueur concernant le traitement et la protection des donn\u00e9es \u00e0 caract\u00e8re personnel dont le R\u00e8glement (UE) 2016\/679 du Parlement europ\u00e9en et du Conseil relatif \u00e0 la protection des personnes physiques \u00e0 l&#8217;\u00e9gard du Traitement des Donn\u00e9es Personnelles des citoyens europ\u00e9ens.<\/p><p>Proworks Consulting S.a R.l. s\u2019engage \u00e0 ce que les donn\u00e9es personnelles ne soient pas communiqu\u00e9es \u00e0 des tiers non autoris\u00e9s.<\/p><h2>\u00a0<\/h2><h2>DROIT APPLICABLE ET TRIBUNAUX COMP\u00c9TENTS<\/h2><p>Les pr\u00e9sentes mentions l\u00e9gales sont soumises au droit luxembourgeois. En cas de conflit, les tribunaux luxembourgeois seront seuls comp\u00e9tents.<\/p><h2>\u00a0<\/h2><h2>LEXIQUE<\/h2><p>Utilisateur : Internaute se connectant au site\u00a0<a href=\"https:\/\/www.proworks.lu\">www.proworks.lu<\/a><\/p><p>Le site :\u00a0<a href=\"https:\/\/www.proworks.lu\">www.proworks.lu<\/a><\/p><p>Donn\u00e9e personnelle : \u00ab toute information se rapportant \u00e0 une personne physique identifi\u00e9e ou identifiable; est r\u00e9put\u00e9e \u00eatre une \u00abpersonne physique identifiable\u00bb une personne physique qui peut \u00eatre identifi\u00e9e, directement ou indirectement, notamment par r\u00e9f\u00e9rence \u00e0 un identifiant, tel qu\u2019un nom, un num\u00e9ro d\u2019identification, des donn\u00e9es de localisation, un identifiant en ligne, ou \u00e0 un ou plusieurs \u00e9l\u00e9ments sp\u00e9cifiques propres \u00e0 son identit\u00e9 physique, physiologique, g\u00e9n\u00e9tique, psychique, \u00e9conomique, culturelle ou sociale \u00bb selon le R\u00e8glement (UE) 2016\/679 du Parlement europ\u00e9en et du Conseil du 27 avril 2016.<\/p>\t\t\t\t\t\t\t\t<\/div>\n\t\t\t\t<\/div>\n\t\t\t\t\t<\/div>\n\t\t<\/div>\n\t\t\t\t\t<\/div>\n\t\t<\/section>\n\t\t\t\t<\/div>\n\t\t","protected":false},"excerpt":{"rendered":"<p>Mentions l\u00e9gales PR\u00c9SENTATION DU SITE \u00a0 Entit\u00e9 responsable Le site web\u00a0www.proworks.lu\u00a0est r\u00e9alis\u00e9 par la soci\u00e9t\u00e9 INSIDE COMMUNICATION \u2013 Les Sudistes S\u00e0rl (ci-apr\u00e8s \u00ab INSIDE COMMUNICATION \u00bb, dont le si\u00e8ge administratif est \u00e9tabli au 43-45, Zone OP Zaemer, L-4959 Bascharage (G.D. Luxembourg) et immatricul\u00e9e au registre de commerce et des soci\u00e9t\u00e9s de Luxembourg sous le num\u00e9ro [&hellip;]<\/p>\n","protected":false},"author":1,"featured_media":0,"parent":0,"menu_order":8,"comment_status":"closed","ping_status":"closed","template":"page-full-width.php","meta":{"footnotes":""},"class_list":["post-13054","page","type-page","status-publish","hentry"],"yoast_head":"<!-- This site is optimized with the Yoast SEO plugin v25.3 - https:\/\/yoast.com\/wordpress\/plugins\/seo\/ -->\n<title>Mentions l\u00e9gales - Proworks - Design &amp; Build<\/title>\n<meta name=\"robots\" content=\"index, follow, max-snippet:-1, max-image-preview:large, max-video-preview:-1\" \/>\n<link rel=\"canonical\" href=\"https:\/\/proworks.lu\/en\/mentions-legales\/\" \/>\n<meta property=\"og:locale\" content=\"en_US\" \/>\n<meta property=\"og:type\" content=\"article\" \/>\n<meta property=\"og:title\" content=\"Mentions l\u00e9gales - Proworks - Design &amp; Build\" \/>\n<meta property=\"og:description\" content=\"Mentions l\u00e9gales PR\u00c9SENTATION DU SITE \u00a0 Entit\u00e9 responsable Le site web\u00a0www.proworks.lu\u00a0est r\u00e9alis\u00e9 par la soci\u00e9t\u00e9 INSIDE COMMUNICATION \u2013 Les Sudistes S\u00e0rl (ci-apr\u00e8s \u00ab INSIDE COMMUNICATION \u00bb, dont le si\u00e8ge administratif est \u00e9tabli au 43-45, Zone OP Zaemer, L-4959 Bascharage (G.D. Luxembourg) et immatricul\u00e9e au registre de commerce et des soci\u00e9t\u00e9s de Luxembourg sous le num\u00e9ro [&hellip;]\" \/>\n<meta property=\"og:url\" content=\"https:\/\/proworks.lu\/en\/mentions-legales\/\" \/>\n<meta property=\"og:site_name\" content=\"Proworks - Design &amp; Build\" \/>\n<meta property=\"article:publisher\" content=\"https:\/\/www.facebook.com\/profile.php?id=61556226206730\" \/>\n<meta property=\"article:modified_time\" content=\"2025-07-08T11:01:01+00:00\" \/>\n<meta name=\"twitter:card\" content=\"summary_large_image\" \/>\n<meta name=\"twitter:label1\" content=\"Est. reading time\" \/>\n\t<meta name=\"twitter:data1\" content=\"7 minutes\" \/>\n<script type=\"application\/ld+json\" class=\"yoast-schema-graph\">{\"@context\":\"https:\/\/schema.org\",\"@graph\":[{\"@type\":\"WebPage\",\"@id\":\"https:\/\/proworks.lu\/en\/mentions-legales\/\",\"url\":\"https:\/\/proworks.lu\/en\/mentions-legales\/\",\"name\":\"Mentions l\u00e9gales - Proworks - Design &amp; Build\",\"isPartOf\":{\"@id\":\"https:\/\/proworks.lu\/en\/#website\"},\"datePublished\":\"2025-06-10T14:16:06+00:00\",\"dateModified\":\"2025-07-08T11:01:01+00:00\",\"breadcrumb\":{\"@id\":\"https:\/\/proworks.lu\/en\/mentions-legales\/#breadcrumb\"},\"inLanguage\":\"en-US\",\"potentialAction\":[{\"@type\":\"ReadAction\",\"target\":[\"https:\/\/proworks.lu\/en\/mentions-legales\/\"]}]},{\"@type\":\"BreadcrumbList\",\"@id\":\"https:\/\/proworks.lu\/en\/mentions-legales\/#breadcrumb\",\"itemListElement\":[{\"@type\":\"ListItem\",\"position\":1,\"name\":\"Accueil\",\"item\":\"https:\/\/proworks.lu\/en\/\"},{\"@type\":\"ListItem\",\"position\":2,\"name\":\"Mentions l\u00e9gales\"}]},{\"@type\":\"WebSite\",\"@id\":\"https:\/\/proworks.lu\/en\/#website\",\"url\":\"https:\/\/proworks.lu\/en\/\",\"name\":\"Proworks - Design & Build\",\"description\":\"\",\"publisher\":{\"@id\":\"https:\/\/proworks.lu\/en\/#organization\"},\"potentialAction\":[{\"@type\":\"SearchAction\",\"target\":{\"@type\":\"EntryPoint\",\"urlTemplate\":\"https:\/\/proworks.lu\/en\/?s={search_term_string}\"},\"query-input\":{\"@type\":\"PropertyValueSpecification\",\"valueRequired\":true,\"valueName\":\"search_term_string\"}}],\"inLanguage\":\"en-US\"},{\"@type\":\"Organization\",\"@id\":\"https:\/\/proworks.lu\/en\/#organization\",\"name\":\"Proworks - Design & Build\",\"url\":\"https:\/\/proworks.lu\/en\/\",\"logo\":{\"@type\":\"ImageObject\",\"inLanguage\":\"en-US\",\"@id\":\"https:\/\/proworks.lu\/en\/#\/schema\/logo\/image\/\",\"url\":\"https:\/\/proworks.lu\/wp-content\/uploads\/2025\/03\/logo_proworks.svg\",\"contentUrl\":\"https:\/\/proworks.lu\/wp-content\/uploads\/2025\/03\/logo_proworks.svg\",\"width\":1325,\"height\":319,\"caption\":\"Proworks - Design & Build\"},\"image\":{\"@id\":\"https:\/\/proworks.lu\/en\/#\/schema\/logo\/image\/\"},\"sameAs\":[\"https:\/\/www.facebook.com\/profile.php?id=61556226206730\",\"https:\/\/www.linkedin.com\/company\/proworks-design-build\/\"]}]}<\/script>\n<!-- \/ Yoast SEO plugin. -->","yoast_head_json":{"title":"Mentions l\u00e9gales - Proworks - Design &amp; Build","robots":{"index":"index","follow":"follow","max-snippet":"max-snippet:-1","max-image-preview":"max-image-preview:large","max-video-preview":"max-video-preview:-1"},"canonical":"https:\/\/proworks.lu\/en\/mentions-legales\/","og_locale":"en_US","og_type":"article","og_title":"Mentions l\u00e9gales - Proworks - Design &amp; Build","og_description":"Mentions l\u00e9gales PR\u00c9SENTATION DU SITE \u00a0 Entit\u00e9 responsable Le site web\u00a0www.proworks.lu\u00a0est r\u00e9alis\u00e9 par la soci\u00e9t\u00e9 INSIDE COMMUNICATION \u2013 Les Sudistes S\u00e0rl (ci-apr\u00e8s \u00ab INSIDE COMMUNICATION \u00bb, dont le si\u00e8ge administratif est \u00e9tabli au 43-45, Zone OP Zaemer, L-4959 Bascharage (G.D. Luxembourg) et immatricul\u00e9e au registre de commerce et des soci\u00e9t\u00e9s de Luxembourg sous le num\u00e9ro [&hellip;]","og_url":"https:\/\/proworks.lu\/en\/mentions-legales\/","og_site_name":"Proworks - Design &amp; Build","article_publisher":"https:\/\/www.facebook.com\/profile.php?id=61556226206730","article_modified_time":"2025-07-08T11:01:01+00:00","twitter_card":"summary_large_image","twitter_misc":{"Est. reading time":"7 minutes"},"schema":{"@context":"https:\/\/schema.org","@graph":[{"@type":"WebPage","@id":"https:\/\/proworks.lu\/en\/mentions-legales\/","url":"https:\/\/proworks.lu\/en\/mentions-legales\/","name":"Mentions l\u00e9gales - Proworks - Design &amp; Build","isPartOf":{"@id":"https:\/\/proworks.lu\/en\/#website"},"datePublished":"2025-06-10T14:16:06+00:00","dateModified":"2025-07-08T11:01:01+00:00","breadcrumb":{"@id":"https:\/\/proworks.lu\/en\/mentions-legales\/#breadcrumb"},"inLanguage":"en-US","potentialAction":[{"@type":"ReadAction","target":["https:\/\/proworks.lu\/en\/mentions-legales\/"]}]},{"@type":"BreadcrumbList","@id":"https:\/\/proworks.lu\/en\/mentions-legales\/#breadcrumb","itemListElement":[{"@type":"ListItem","position":1,"name":"Accueil","item":"https:\/\/proworks.lu\/en\/"},{"@type":"ListItem","position":2,"name":"Mentions l\u00e9gales"}]},{"@type":"WebSite","@id":"https:\/\/proworks.lu\/en\/#website","url":"https:\/\/proworks.lu\/en\/","name":"Proworks - Design & Build","description":"","publisher":{"@id":"https:\/\/proworks.lu\/en\/#organization"},"potentialAction":[{"@type":"SearchAction","target":{"@type":"EntryPoint","urlTemplate":"https:\/\/proworks.lu\/en\/?s={search_term_string}"},"query-input":{"@type":"PropertyValueSpecification","valueRequired":true,"valueName":"search_term_string"}}],"inLanguage":"en-US"},{"@type":"Organization","@id":"https:\/\/proworks.lu\/en\/#organization","name":"Proworks - Design & Build","url":"https:\/\/proworks.lu\/en\/","logo":{"@type":"ImageObject","inLanguage":"en-US","@id":"https:\/\/proworks.lu\/en\/#\/schema\/logo\/image\/","url":"https:\/\/proworks.lu\/wp-content\/uploads\/2025\/03\/logo_proworks.svg","contentUrl":"https:\/\/proworks.lu\/wp-content\/uploads\/2025\/03\/logo_proworks.svg","width":1325,"height":319,"caption":"Proworks - Design & Build"},"image":{"@id":"https:\/\/proworks.lu\/en\/#\/schema\/logo\/image\/"},"sameAs":["https:\/\/www.facebook.com\/profile.php?id=61556226206730","https:\/\/www.linkedin.com\/company\/proworks-design-build\/"]}]}},"_links":{"self":[{"href":"https:\/\/proworks.lu\/en\/wp-json\/wp\/v2\/pages\/13054","targetHints":{"allow":["GET"]}}],"collection":[{"href":"https:\/\/proworks.lu\/en\/wp-json\/wp\/v2\/pages"}],"about":[{"href":"https:\/\/proworks.lu\/en\/wp-json\/wp\/v2\/types\/page"}],"author":[{"embeddable":true,"href":"https:\/\/proworks.lu\/en\/wp-json\/wp\/v2\/users\/1"}],"replies":[{"embeddable":true,"href":"https:\/\/proworks.lu\/en\/wp-json\/wp\/v2\/comments?post=13054"}],"version-history":[{"count":28,"href":"https:\/\/proworks.lu\/en\/wp-json\/wp\/v2\/pages\/13054\/revisions"}],"predecessor-version":[{"id":13091,"href":"https:\/\/proworks.lu\/en\/wp-json\/wp\/v2\/pages\/13054\/revisions\/13091"}],"wp:attachment":[{"href":"https:\/\/proworks.lu\/en\/wp-json\/wp\/v2\/media?parent=13054"}],"curies":[{"name":"wp","href":"https:\/\/api.w.org\/{rel}","templated":true}]}}